{"id":78,"date":"2026-02-18T22:45:45","date_gmt":"2026-02-19T03:45:45","guid":{"rendered":"https:\/\/isupreformacion.com\/?page_id=78"},"modified":"2026-03-27T00:42:50","modified_gmt":"2026-03-27T05:42:50","slug":"home","status":"publish","type":"page","link":"https:\/\/isupreformacion.com\/en\/","title":{"rendered":"Home"},"content":{"rendered":"<div class=\"wp-block-uagb-container uagb-block-721286c5 alignfull uagb-is-root-container\"><div class=\"uagb-container-inner-blocks-wrap\">\n<div class=\"wp-block-uagb-container uagb-layout-flex uagb-block-5413c9f1\">\n<div class=\"wp-block-uagb-container hero-isupre uagb-block-3c7a6263\">\n<div class=\"wp-block-uagb-info-box uagb-block-9644e042 uagb-infobox__content-wrap  uagb-infobox-icon-above-title uagb-infobox-image-valign-top wp-block-uagb-info-box--has-margin\"><div class=\"uagb-infobox-margin-wrapper\"><div class=\"uagb-ifb-content\"><div class=\"uagb-ifb-title-wrap\"><h1 class=\"uagb-ifb-title-prefix\">Instituto Superior Profesional Ecuatoriano<\/h1><h2 class=\"uagb-ifb-title\">ISUPRE<\/h2><\/div><p class=\"uagb-ifb-desc\">Educaci\u00f3n superior t\u00e9cnica y tecnol\u00f3gica orientada a la formaci\u00f3n profesional especializada.<\/p><\/div><\/div><\/div>\n\n\n\n<div class=\"wp-block-buttons is-horizontal is-content-justification-center is-layout-flex wp-container-core-buttons-is-layout-a0aace78 wp-block-buttons-is-layout-flex\" style=\"border-style:none;border-width:0px;border-top-left-radius:0px;border-top-right-radius:0px;border-bottom-left-radius:0px;border-bottom-right-radius:0px;margin-top:0px;margin-bottom:0px\">\n<div class=\"wp-block-button is-style-fill\"><a class=\"wp-block-button__link has-ast-global-color-5-color has-ast-global-color-1-background-color has-text-color has-background has-link-color wp-element-button\" style=\"border-style:none;border-width:0px;border-top-left-radius:30px;border-top-right-radius:30px;border-bottom-left-radius:30px;border-bottom-right-radius:30px;padding-top:16px;padding-right:35px;padding-bottom:16px;padding-left:35px\" rel=\"\/programas-academicos\">Ver programas acad\u00e9micos<\/a><\/div>\n\n\n\n<div class=\"wp-block-button\"><a class=\"wp-block-button__link has-ast-global-color-5-color has-ast-global-color-1-background-color has-text-color has-background has-link-color wp-element-button\" style=\"border-top-left-radius:30px;border-top-right-radius:30px;border-bottom-left-radius:30px;border-bottom-right-radius:30px;padding-top:16px;padding-right:35px;padding-bottom:16px;padding-left:35px\" rel=\"\/admisiones\">Admisiones abiertas<\/a><\/div>\n<\/div>\n<\/div>\n<\/div>\n\n\n\n<div class=\"wp-block-uagb-container uagb-block-31a12c55\">\n<div class=\"wp-block-uagb-container uagb-layout-flex uagb-block-fc91732e\">\n<div class=\"wp-block-uagb-advanced-heading uagb-block-e58ab3fc\"><h2 class=\"uagb-heading-text\">Respaldo institucional y legal<\/h2><\/div>\n\n\n\n<p>ISUPRE \u2013 Instituto Superior Profesional Ecuatoriano S.A.S. es una instituci\u00f3n legalmente constituida en Ecuador, orientada a la educaci\u00f3n t\u00e9cnica, tecnol\u00f3gica y formaci\u00f3n profesional en diversas \u00e1reas del conocimiento, con enfoque en calidad acad\u00e9mica e innovaci\u00f3n educativa.<\/p>\n<\/div>\n\n\n\n<div class=\"wp-block-uagb-container uagb-block-4fd41356\">\n<div class=\"wp-block-columns is-layout-flex wp-container-core-columns-is-layout-28f84493 wp-block-columns-is-layout-flex\">\n<div class=\"wp-block-column card-isupre is-layout-flow wp-block-column-is-layout-flow\">\n<div class=\"wp-block-uagb-info-box uagb-block-7056e97a uagb-infobox__content-wrap  uagb-infobox-icon-above-title uagb-infobox-image-valign-top\"><div class=\"uagb-ifb-content\"><div class=\"uagb-ifb-icon-wrap\"><svg xmlns=\"https:\/\/www.w3.org\/2000\/svg\" viewbox=\"0 0 512 512\"><path d=\"M0 256C0 114.6 114.6 0 256 0C397.4 0 512 114.6 512 256C512 397.4 397.4 512 256 512C114.6 512 0 397.4 0 256zM371.8 211.8C382.7 200.9 382.7 183.1 371.8 172.2C360.9 161.3 343.1 161.3 332.2 172.2L224 280.4L179.8 236.2C168.9 225.3 151.1 225.3 140.2 236.2C129.3 247.1 129.3 264.9 140.2 275.8L204.2 339.8C215.1 350.7 232.9 350.7 243.8 339.8L371.8 211.8z\"><\/path><\/svg><\/div><div class=\"uagb-ifb-title-wrap\"><h3 class=\"uagb-ifb-title\">Identidad jur\u00eddica<\/h3><\/div><p class=\"uagb-ifb-desc\">Sociedad por Acciones Simplificada (S.A.S.), constituida en Ecuador el 26 de marzo de 2025, conforme a la normativa vigente.<\/p><\/div><\/div>\n<\/div>\n\n\n\n<div class=\"wp-block-column card-isupre is-layout-flow wp-block-column-is-layout-flow\">\n<div class=\"wp-block-uagb-info-box uagb-block-4669871f uagb-infobox__content-wrap  uagb-infobox-icon-above-title uagb-infobox-image-valign-top\"><div class=\"uagb-ifb-content\"><div class=\"uagb-ifb-icon-wrap\"><svg xmlns=\"https:\/\/www.w3.org\/2000\/svg\" viewbox=\"0 0 512 512\"><path d=\"M0 256C0 114.6 114.6 0 256 0C397.4 0 512 114.6 512 256C512 397.4 397.4 512 256 512C114.6 512 0 397.4 0 256zM371.8 211.8C382.7 200.9 382.7 183.1 371.8 172.2C360.9 161.3 343.1 161.3 332.2 172.2L224 280.4L179.8 236.2C168.9 225.3 151.1 225.3 140.2 236.2C129.3 247.1 129.3 264.9 140.2 275.8L204.2 339.8C215.1 350.7 232.9 350.7 243.8 339.8L371.8 211.8z\"><\/path><\/svg><\/div><div class=\"uagb-ifb-title-wrap\"><h3 class=\"uagb-ifb-title\">Representante legal<\/h3><\/div><p class=\"uagb-ifb-desc\">Representada por el Dr. Washington Ra\u00fal Huacon Huacon, m\u00e9dico general y docente universitario.<\/p><\/div><\/div>\n<\/div>\n\n\n\n<div class=\"wp-block-column card-isupre is-layout-flow wp-block-column-is-layout-flow\">\n<div class=\"wp-block-uagb-info-box uagb-block-b1a058dc uagb-infobox__content-wrap  uagb-infobox-icon-above-title uagb-infobox-image-valign-top\"><div class=\"uagb-ifb-content\"><div class=\"uagb-ifb-icon-wrap\"><svg xmlns=\"https:\/\/www.w3.org\/2000\/svg\" viewbox=\"0 0 512 512\"><path d=\"M0 256C0 114.6 114.6 0 256 0C397.4 0 512 114.6 512 256C512 397.4 397.4 512 256 512C114.6 512 0 397.4 0 256zM371.8 211.8C382.7 200.9 382.7 183.1 371.8 172.2C360.9 161.3 343.1 161.3 332.2 172.2L224 280.4L179.8 236.2C168.9 225.3 151.1 225.3 140.2 236.2C129.3 247.1 129.3 264.9 140.2 275.8L204.2 339.8C215.1 350.7 232.9 350.7 243.8 339.8L371.8 211.8z\"><\/path><\/svg><\/div><div class=\"uagb-ifb-title-wrap\"><h3 class=\"uagb-ifb-title\">Naturaleza institucional<\/h3><\/div><p class=\"uagb-ifb-desc\">Instituci\u00f3n dedicada a la educaci\u00f3n superior profesional, capacitaci\u00f3n t\u00e9cnica y desarrollo acad\u00e9mico en diversas \u00e1reas del conocimiento.<\/p><\/div><\/div>\n<\/div>\n<\/div>\n<\/div>\n<\/div>\n<\/div><\/div>","protected":false},"excerpt":{"rendered":"<p>Respaldo institucional y legal ISUPRE \u2013 Instituto Superior Profesional Ecuatoriano S.A.S. es una instituci\u00f3n legalmente constituida en Ecuador, orientada a la educaci\u00f3n t\u00e9cnica, tecnol\u00f3gica y formaci\u00f3n profesional en diversas \u00e1reas del conocimiento, con enfoque en calidad acad\u00e9mica e innovaci\u00f3n educativa.<\/p>","protected":false},"author":1,"featured_media":0,"parent":0,"menu_order":0,"comment_status":"closed","ping_status":"closed","template":"","meta":{"_uag_custom_page_level_css":"","site-sidebar-layout":"no-sidebar","site-content-layout":"page-builder","ast-site-content-layout":"full-width-container","site-content-style":"unboxed","site-sidebar-style":"unboxed","ast-global-header-display":"","ast-banner-title-visibility":"","ast-main-header-display":"","ast-hfb-above-header-display":"","ast-hfb-below-header-display":"","ast-hfb-mobile-header-display":"","site-post-title":"disabled","ast-breadcrumbs-content":"","ast-featured-img":"","footer-sml-layout":"","ast-disable-related-posts":"","theme-transparent-header-meta":"enabled","adv-header-id-meta":"","stick-header-meta":"","header-above-stick-meta":"","header-main-stick-meta":"","header-below-stick-meta":"","astra-migrate-meta-layouts":"set","ast-page-background-enabled":"default","ast-page-background-meta":{"desktop":{"background-color":"var(--ast-global-color-4)","background-image":"","background-repeat":"repeat","background-position":"center center","background-size":"auto","background-attachment":"scroll","background-type":"","background-media":"","overlay-type":"","overlay-color":"","overlay-opacity":"","overlay-gradient":""},"tablet":{"background-color":"","background-image":"","background-repeat":"repeat","background-position":"center center","background-size":"auto","background-attachment":"scroll","background-type":"","background-media":"","overlay-type":"","overlay-color":"","overlay-opacity":"","overlay-gradient":""},"mobile":{"background-color":"","background-image":"","background-repeat":"repeat","background-position":"center center","background-size":"auto","background-attachment":"scroll","background-type":"","background-media":"","overlay-type":"","overlay-color":"","overlay-opacity":"","overlay-gradient":""}},"ast-content-background-meta":{"desktop":{"background-color":"var(--ast-global-color-5)","background-image":"","background-repeat":"repeat","background-position":"center center","background-size":"auto","background-attachment":"scroll","background-type":"","background-media":"","overlay-type":"","overlay-color":"","overlay-opacity":"","overlay-gradient":""},"tablet":{"background-color":"var(--ast-global-color-5)","background-image":"","background-repeat":"repeat","background-position":"center center","background-size":"auto","background-attachment":"scroll","background-type":"","background-media":"","overlay-type":"","overlay-color":"","overlay-opacity":"","overlay-gradient":""},"mobile":{"background-color":"var(--ast-global-color-5)","background-image":"","background-repeat":"repeat","background-position":"center center","background-size":"auto","background-attachment":"scroll","background-type":"","background-media":"","overlay-type":"","overlay-color":"","overlay-opacity":"","overlay-gradient":""}},"footnotes":""},"class_list":["post-78","page","type-page","status-publish","hentry"],"uagb_featured_image_src":{"full":false,"thumbnail":false,"medium":false,"medium_large":false,"large":false,"1536x1536":false,"2048x2048":false,"trp-custom-language-flag":false},"uagb_author_info":{"display_name":"admisiones@isupreformacion.com","author_link":"https:\/\/isupreformacion.com\/en\/author\/admisionesisupreformacion-com\/"},"uagb_comment_info":0,"uagb_excerpt":"Respaldo institucional y legal ISUPRE \u2013 Instituto Superior Profesional Ecuatoriano S.A.S. es una instituci\u00f3n legalmente constituida en Ecuador, orientada a la educaci\u00f3n t\u00e9cnica, tecnol\u00f3gica y formaci\u00f3n profesional en diversas \u00e1reas del conocimiento, con enfoque en calidad acad\u00e9mica e innovaci\u00f3n educativa.","_links":{"self":[{"href":"https:\/\/isupreformacion.com\/en\/wp-json\/wp\/v2\/pages\/78","targetHints":{"allow":["GET"]}}],"collection":[{"href":"https:\/\/isupreformacion.com\/en\/wp-json\/wp\/v2\/pages"}],"about":[{"href":"https:\/\/isupreformacion.com\/en\/wp-json\/wp\/v2\/types\/page"}],"author":[{"embeddable":true,"href":"https:\/\/isupreformacion.com\/en\/wp-json\/wp\/v2\/users\/1"}],"replies":[{"embeddable":true,"href":"https:\/\/isupreformacion.com\/en\/wp-json\/wp\/v2\/comments?post=78"}],"version-history":[{"count":131,"href":"https:\/\/isupreformacion.com\/en\/wp-json\/wp\/v2\/pages\/78\/revisions"}],"predecessor-version":[{"id":3136,"href":"https:\/\/isupreformacion.com\/en\/wp-json\/wp\/v2\/pages\/78\/revisions\/3136"}],"wp:attachment":[{"href":"https:\/\/isupreformacion.com\/en\/wp-json\/wp\/v2\/media?parent=78"}],"curies":[{"name":"wp","href":"https:\/\/api.w.org\/{rel}","templated":true}]}}